{"id":2,"date":"2016-05-10T03:48:21","date_gmt":"2016-05-10T03:48:21","guid":{"rendered":"http:\/\/www.actionium.com\/?page_id=2"},"modified":"2021-07-05T10:56:16","modified_gmt":"2021-07-05T10:56:16","slug":"sample-page","status":"publish","type":"page","link":"https:\/\/www.actionium.com\/","title":{"rendered":"Inicio"},"content":{"rendered":"<h1 style=\"text-align: center;\"><span style=\"color: #ffbf00;\">Consultor\u00eda<\/span>&nbsp;&amp;&nbsp;<span style=\"color: #ffbf00;\">Implantaci\u00f3n<\/span><\/h1>\n<h3 style=\"text-align: center;\">Estrat\u00e9gica&nbsp;<strong>|<\/strong>&nbsp;Gesti\u00f3n&nbsp;<strong>|<\/strong>&nbsp;Financiera&nbsp;|&nbsp;Contable&nbsp;|&nbsp;Jur\u00eddico&nbsp;|&nbsp;Fiscal<\/h3>\n<p style=\"text-align: center;\"><strong>Alcance&nbsp;Global, Velocidad e Innovaci\u00f3n<\/strong>&nbsp;como motor de cada nuevo proyecto<\/p>\n<blockquote><p><strong><span style=\"color: #ffbf00;\">Nuestra Visi\u00f3n<\/span> |&nbsp;<\/strong>Ayudar a crecer empresas como veh\u00edculo con el que generar riqueza en la sociedad.<\/p><\/blockquote>\n<p><strong>Consultores y a la vez Empresarios.<\/strong>&nbsp;Con m\u00e1s de 75 a\u00f1os de experiencia conjunta, llevamos m\u00e1s de 20 a\u00f1os ayudando a generar riqueza en nuestro entorno. &nbsp;En este tiempo hemos transformado ideas en proyectos globales, apoyando procesos de creaci\u00f3n de empresas, consolidaci\u00f3n y expansi\u00f3n nacional e internacional, apoyado procesos corporativos en fusiones y absorciones, implantado nuevos procesos y sistemas de gesti\u00f3n y control, reorganizaci\u00f3n de \u00f3rganos de direcci\u00f3n y&nbsp;evitado&nbsp;ca\u00eddas a trav\u00e9s de planes de acci\u00f3n y adaptaci\u00f3n a una coyuntura cada vez m\u00e1s cambiante.&nbsp;<strong><span style=\"color: #ffbf00;\">Nuestros clientes son nuestro mejor aval de un trabajo bien hecho<\/span> &nbsp;<span style=\"color: #ffbf00;\">(<\/span><\/strong>Cont\u00e1ctanos para conocer en m\u00e1s profundidad la amplitud de nuestros servicios<span style=\"color: #ffbf00;\"><strong>)<\/strong><\/span><\/p>\n<blockquote><p><strong>Trabajo codo con codo, con fuerte enfoque en el First Line Management.<\/strong><br \/>\nNos gusta trabajar junto a todos los eslabones de cada proyecto y dar soluci\u00f3n a cada problema.<\/p><\/blockquote>\n<h3><\/h3>\n<h3><strong>Nuestros Servicios&nbsp;<\/strong><\/h3>\n<p>Cada a\u00f1o trabajamos con un reducido n\u00famero de clientes, &nbsp;seleccionados por su alto impacto, escalabilidad y tracci\u00f3n, si tu empresa o proyecto cumple con estas caracter\u00edsticas siente libre de contactar con nosotros <span style=\"color: #ffbf00;\">info@actionium.com<\/span><\/p>\n","protected":false},"excerpt":{"rendered":"<p>Consultor\u00eda&nbsp;&amp;&nbsp;Implantaci\u00f3n Estrat\u00e9gica&nbsp;|&nbsp;Gesti\u00f3n&nbsp;|&nbsp;Financiera&nbsp;|&nbsp;Contable&nbsp;|&nbsp;Jur\u00eddico&nbsp;|&nbsp;Fiscal Alcance&nbsp;Global, Velocidad e Innovaci\u00f3n&nbsp;como motor de cada nuevo proyecto Nuestra Visi\u00f3n |&nbsp;Ayudar a crecer empresas como veh\u00edculo con el que generar riqueza en la sociedad. Consultores y a la vez Empresarios.&nbsp;Con m\u00e1s de 75 a\u00f1os de experiencia conjunta, llevamos m\u00e1s de 20 a\u00f1os ayudando a generar riqueza en nuestro entorno. &nbsp;En este tiempo&hellip;<\/p>\n","protected":false},"author":1,"featured_media":0,"parent":0,"menu_order":0,"comment_status":"closed","ping_status":"closed","template":"","meta":{"footnotes":""},"class_list":["post-2","page","type-page","status-publish","hentry"],"_links":{"self":[{"href":"https:\/\/www.actionium.com\/index.php?rest_route=\/wp\/v2\/pages\/2","targetHints":{"allow":["GET"]}}],"collection":[{"href":"https:\/\/www.actionium.com\/index.php?rest_route=\/wp\/v2\/pages"}],"about":[{"href":"https:\/\/www.actionium.com\/index.php?rest_route=\/wp\/v2\/types\/page"}],"author":[{"embeddable":true,"href":"https:\/\/www.actionium.com\/index.php?rest_route=\/wp\/v2\/users\/1"}],"replies":[{"embeddable":true,"href":"https:\/\/www.actionium.com\/index.php?rest_route=%2Fwp%2Fv2%2Fcomments&post=2"}],"version-history":[{"count":9,"href":"https:\/\/www.actionium.com\/index.php?rest_route=\/wp\/v2\/pages\/2\/revisions"}],"predecessor-version":[{"id":29,"href":"https:\/\/www.actionium.com\/index.php?rest_route=\/wp\/v2\/pages\/2\/revisions\/29"}],"wp:attachment":[{"href":"https:\/\/www.actionium.com\/index.php?rest_route=%2Fwp%2Fv2%2Fmedia&parent=2"}],"curies":[{"name":"wp","href":"https:\/\/api.w.org\/{rel}","templated":true}]}}